{"id":47511,"date":"2024-11-14T16:53:14","date_gmt":"2024-11-14T15:53:14","guid":{"rendered":"https:\/\/www.peoplerise.net\/?page_id=47511"},"modified":"2024-11-14T16:53:14","modified_gmt":"2024-11-14T15:53:14","slug":"trattamento-dati-area-riservata","status":"publish","type":"page","link":"https:\/\/www.peoplerise.net\/it\/trattamento-dati-area-riservata\/","title":{"rendered":"Trattamento dati Area Riservata"},"content":{"rendered":"<h2><strong>INFORMAZIONI SUL TRATTAMENTO DEI DATI PERSONALI CORRELATE ALLA COMPILAZIONE DEL FORM REGISTRAZIONE UTENTE<\/strong><\/h2>\n<p>&nbsp;<\/p>\n<p>La presente informativa integra la policy di navigazione del sito web, allo scopo di illustrare come il Titolare tratter\u00e0 nello specifico i dati inseriti nel presente form: si invita pertanto a prendere visione dell\u2019informativa relativa alla navigazione (<a href=\"https:\/\/www.peoplerise.net\/it\/privacy_policy\/\">https:\/\/www.peoplerise.net\/it\/privacy_policy\/<\/a>)<\/p>\n<p>&nbsp;<\/p>\n<p><strong><u>Identit\u00e0 e dati di contatto del Titolare del trattamento<\/u><\/strong><\/p>\n<p>Peoplerise S.r.l. SB, di seguito anche \u201cPeoplerise\u201d o \u201cTitolare\u201d con sede legale in Via San Marco 9H \u2013 35129 \u2013 Padova (PD), e contattabile all\u2019indirizzo e-mail info@peoplerise.net alla PEC legal@pec.peoplerise.mobi o al numero di telefono 049 20.21.331.<\/p>\n<p>&nbsp;<\/p>\n<p><strong><u>Finalit\u00e0 e basi giuridiche<\/u><\/strong><\/p>\n<ul>\n<li><strong>A. Gestione della registrazione utente<\/strong>: i dati personali vengono trattati per consentire la creazione di un account e il successivo accesso all\u2019area riservata. La base giuridica \u00e8 vista nell\u2019esecuzione del contratto.<\/li>\n<li><strong>B. Invio delle Newsletter<\/strong>: invio di invito eventi, consigli di lettura, di eventuale materiale informativo\/pubblicitario. La base giuridica si sostanzia nel consenso da lei espresso.<\/li>\n<li><strong>C. Scopi difensivi:<\/strong> il Titolare pu\u00f2 avere necessit\u00e0 di trattare dati personali per la gestione di contestazioni e contenziosi stragiudiziali o giudiziali.<\/li>\n<\/ul>\n<p>La base giuridica \u00e8 il legittimo interesse del titolare ad accertare, esercitare o difendere un diritto.<\/p>\n<p>&nbsp;<\/p>\n<p><strong><u>Periodo di conservazione<\/u><\/strong><\/p>\n<p>In relazione alle singole finalit\u00e0 vi sono i singoli periodi di conservazione che di seguito si vanno a definire:<\/p>\n<ul>\n<li>A. 24 mesi dall\u2019ultima interazione con l\u2019utente (es. login)<\/li>\n<li>B. Per il periodo di attivit\u00e0 del servizio di newsletter o fino alla cancellazione o revoca del consenso<\/li>\n<li>C. 10 anni dalla risoluzione definitiva della controversia.<\/li>\n<\/ul>\n<p>&nbsp;<\/p>\n<p><strong><u>Natura del conferimento e conseguenze in caso di rifiuto<\/u><\/strong><\/p>\n<p>Si precisa di seguito la natura del conferimento e la conseguenza in caso di rifiuto in seguito nel caso in cui l\u2019interessato non conferisca i dati al Titolare:<\/p>\n<ul>\n<li>A. Necessario: Impossibilit\u00e0 di registrare un account e ricevere gli ulteriori servizi previsti per gli utenti iscritti.<\/li>\n<li>B. Facoltativo: Impossibilit\u00e0 di ricevere il materiale pubblicitario<\/li>\n<li>C. Necessario: Impossibilit\u00e0 di gestire il contenzioso.<\/li>\n<\/ul>\n<p>&nbsp;<\/p>\n<p><strong><u>Ambito di comunicazione<\/u><\/strong><\/p>\n<p>I dati sono trattati dal personale interno autorizzato per specifiche mansioni e vengono comunicati all\u2019esterno in base alle seguenti regole<\/p>\n<ul>\n<li>A. Consulenti esterni, societ\u00e0 che offrono servizi di hosting\/gestione delle piattaforme tecnologiche, societ\u00e0 che forniscono strumenti di autenticazione.<\/li>\n<li>B. Societ\u00e0 che offrono servizi di hosting\/gestione delle piattaforme tecnologiche<\/li>\n<li>C. Studi legali; societ\u00e0 di recupero o cessione del credito; Autorit\u00e0 giudiziaria.<\/li>\n<\/ul>\n<p>Dal momento che i dati sono trattati anche con strumenti informatici, potrebbero essere altres\u00ec visibili anche ai soggetti che effettuano assistenza\/manutenzioni su tali sistemi.<\/p>\n<p>&nbsp;<\/p>\n<p><strong><u>Trasferimento dati in un Paese terzo o un\u2019organizzazione internazionale<\/u><\/strong><\/p>\n<p>Il Titolare non effettua trasferimenti di dati personali al di fuori dello Spazio Economico Europeo nel caso tuttavia ci\u00f2 si rendesse necessario al fine del raggiungimento delle finalit\u00e0 sopra descritte o in seguito all\u2019utilizzo, da parte del Titolare per raggiungere le finalit\u00e0 descritte, di appositi strumenti forniti da terzi che comportano un trasferimento al di fuori dello SEE, il trasferimento avverr\u00e0 nel rispetto degli artt. 44 ss. del GDPR.<\/p>\n<p>&nbsp;<\/p>\n<p><strong><u>Diritti degli Interessati <\/u><\/strong><\/p>\n<p>Al soggetto a cui si riferiscono i dati personali sono riconosciuti i seguenti diritti:<\/p>\n<ul>\n<li><strong>Accesso<\/strong>: \u00e8 possibile sapere se sia in corso un trattamento dei propri dati personali e in caso affermativo ottenere l&#8217;accesso agli stessi e richiederne una copia.<\/li>\n<li><strong>Rettifica<\/strong>: \u00e8 possibile chiedere l\u2019aggiornamento dei propri dati personali, la loro correzione (se inesatti) e l\u2019integrazione di quelli incompleti.<\/li>\n<li><strong>Cancellazione<\/strong>: \u00e8 possibile ottenere la cancellazione dei propri dati personali al ricorrere di determinati presupposti (per maggiori informazioni contattare il Titolare).<\/li>\n<li><strong>Limitazione<\/strong>: \u00e8 possibile chiedere che i dati vengano contrassegnati, cos\u00ec da limitarne in futuro il trattamento, al ricorrere di determinati presupposti (per maggiori informazioni contattare il Titolare).<\/li>\n<li><strong>Opposizione<\/strong>: \u00e8 possibile opporsi al trattamento dei dati personali, per motivi connessi alla propria situazione particolare, laddove il trattamento sia fondato sul legittimo interesse oppure sia necessario per l\u2019esecuzione di un compito di interesse pubblico o connesso all\u2019esercizio di pubblici poteri di cui \u00e8 investito il Titolare;<\/li>\n<li><strong>Portabilit\u00e0<\/strong>: \u00e8 possibile ricevere in un formato strutturato i dati personali forniti al Titolare e chiedere di trasmetterli a un altro titolare del trattamento qualora il trattamento si basi sul consenso o sul contratto e sia effettuato con mezzi automatizzati.<\/li>\n<li><strong>Revoca del consenso<\/strong>: \u00e8 possibile revocare il consenso per le finalit\u00e0 che lo hanno richiesto, ferma restando la liceit\u00e0 del trattamento effettuato fino a quel momento.<\/li>\n<\/ul>\n<p>&nbsp;<\/p>\n<p>I diritti in concreto esercitabili rispetto alle attivit\u00e0 di trattamento effettuate sono: accesso, rettifica, cancellazione, limitazione, portabilit\u00e0 per quanto concerne la finalit\u00e0 di cui alla lettera A), accesso, rettifica, cancellazione, limitazione, portabilit\u00e0 e revoca del consenso di cui alla lettera B) accesso, rettifica, cancellazione, limitazione, opposizione di cui alla lettera C)).<\/p>\n<p>&nbsp;<\/p>\n<p>Per esercitare i sopra esposti diritti \u00e8 possibile utilizzare il modulo disponibile al link <a href=\"https:\/\/www.garanteprivacy.it\/web\/guest\/home\/docweb\/-\/docweb-display\/docweb\/1089924\">https:\/\/www.garanteprivacy.it\/web\/guest\/home\/docweb\/-\/docweb-display\/docweb\/1089924<\/a> e inoltrarlo al seguente recapito: privacy@peoplerise.net. L\u2019interessato potr\u00e0 richiedere allo stesso recapito di ottenere maggiori dettagli in relazione alle informazioni sopraesposte (es. test di bilanciamento del legittimo interesse o l\u2019elenco dei responsabili del trattamento).<\/p>\n<p>&nbsp;<\/p>\n<p>\u00c8 possibile proporre reclamo ad una Autorit\u00e0 di controllo: per l\u2019Italia, Autorit\u00e0 Garante per la Protezione dei Dati Personali (<a href=\"http:\/\/www.garanteprivacy.it\">www.garanteprivacy.it<\/a>).<\/p>\n","protected":false},"excerpt":{"rendered":"<p>La presente informativa integra la policy di navigazione del sito web, allo scopo di illustrare come il Titolare tratter\u00e0 nello specifico i dati inseriti nel [&#8230;] <a href=\"https:\/\/www.peoplerise.net\/it\/trattamento-dati-area-riservata\/\" class=\"more\"><\/a><\/p>\n","protected":false},"author":2,"featured_media":0,"parent":0,"menu_order":0,"comment_status":"closed","ping_status":"closed","template":"","meta":{"footnotes":""},"acf":[],"yoast_head":"<!-- This site is optimized with the Yoast SEO Premium plugin v21.9 (Yoast SEO v21.9.1) - https:\/\/yoast.com\/wordpress\/plugins\/seo\/ -->\n<title>Trattamento dati Area Riservata - peoplerise<\/title>\n<meta name=\"robots\" content=\"index, follow, max-snippet:-1, max-image-preview:large, max-video-preview:-1\" \/>\n<link rel=\"canonical\" href=\"https:\/\/www.peoplerise.net\/it\/trattamento-dati-area-riservata\/\" \/>\n<meta property=\"og:locale\" content=\"it_IT\" \/>\n<meta property=\"og:type\" content=\"article\" \/>\n<meta property=\"og:title\" content=\"Trattamento dati Area Riservata\" \/>\n<meta property=\"og:description\" content=\"La presente informativa integra la policy di navigazione del sito web, allo scopo di illustrare come il Titolare tratter\u00e0 nello specifico i dati inseriti nel [...]\" \/>\n<meta property=\"og:url\" content=\"https:\/\/www.peoplerise.net\/it\/trattamento-dati-area-riservata\/\" \/>\n<meta property=\"og:site_name\" content=\"peoplerise\" \/>\n<meta name=\"twitter:card\" content=\"summary_large_image\" \/>\n<meta name=\"twitter:label1\" content=\"Tempo di lettura stimato\" \/>\n\t<meta name=\"twitter:data1\" content=\"5 minuti\" \/>\n<script type=\"application\/ld+json\" class=\"yoast-schema-graph\">{\"@context\":\"https:\/\/schema.org\",\"@graph\":[{\"@type\":\"WebPage\",\"@id\":\"https:\/\/www.peoplerise.net\/it\/trattamento-dati-area-riservata\/\",\"url\":\"https:\/\/www.peoplerise.net\/it\/trattamento-dati-area-riservata\/\",\"name\":\"Trattamento dati Area Riservata - peoplerise\",\"isPartOf\":{\"@id\":\"https:\/\/www.peoplerise.net\/en\/#website\"},\"datePublished\":\"2024-11-14T15:53:14+00:00\",\"dateModified\":\"2024-11-14T15:53:14+00:00\",\"breadcrumb\":{\"@id\":\"https:\/\/www.peoplerise.net\/it\/trattamento-dati-area-riservata\/#breadcrumb\"},\"inLanguage\":\"it-IT\",\"potentialAction\":[{\"@type\":\"ReadAction\",\"target\":[\"https:\/\/www.peoplerise.net\/it\/trattamento-dati-area-riservata\/\"]}]},{\"@type\":\"BreadcrumbList\",\"@id\":\"https:\/\/www.peoplerise.net\/it\/trattamento-dati-area-riservata\/#breadcrumb\",\"itemListElement\":[{\"@type\":\"ListItem\",\"position\":1,\"name\":\"Home\",\"item\":\"https:\/\/www.peoplerise.net\/it\/\"},{\"@type\":\"ListItem\",\"position\":2,\"name\":\"Trattamento dati Area Riservata\"}]},{\"@type\":\"WebSite\",\"@id\":\"https:\/\/www.peoplerise.net\/en\/#website\",\"url\":\"https:\/\/www.peoplerise.net\/en\/\",\"name\":\"peoplerise\",\"description\":\"People will always be essential\",\"potentialAction\":[{\"@type\":\"SearchAction\",\"target\":{\"@type\":\"EntryPoint\",\"urlTemplate\":\"https:\/\/www.peoplerise.net\/en\/?s={search_term_string}\"},\"query-input\":\"required name=search_term_string\"}],\"inLanguage\":\"it-IT\"}]}<\/script>\n<!-- \/ Yoast SEO Premium plugin. -->","yoast_head_json":{"title":"Trattamento dati Area Riservata - peoplerise","robots":{"index":"index","follow":"follow","max-snippet":"max-snippet:-1","max-image-preview":"max-image-preview:large","max-video-preview":"max-video-preview:-1"},"canonical":"https:\/\/www.peoplerise.net\/it\/trattamento-dati-area-riservata\/","og_locale":"it_IT","og_type":"article","og_title":"Trattamento dati Area Riservata","og_description":"La presente informativa integra la policy di navigazione del sito web, allo scopo di illustrare come il Titolare tratter\u00e0 nello specifico i dati inseriti nel [...]","og_url":"https:\/\/www.peoplerise.net\/it\/trattamento-dati-area-riservata\/","og_site_name":"peoplerise","twitter_card":"summary_large_image","twitter_misc":{"Tempo di lettura stimato":"5 minuti"},"schema":{"@context":"https:\/\/schema.org","@graph":[{"@type":"WebPage","@id":"https:\/\/www.peoplerise.net\/it\/trattamento-dati-area-riservata\/","url":"https:\/\/www.peoplerise.net\/it\/trattamento-dati-area-riservata\/","name":"Trattamento dati Area Riservata - peoplerise","isPartOf":{"@id":"https:\/\/www.peoplerise.net\/en\/#website"},"datePublished":"2024-11-14T15:53:14+00:00","dateModified":"2024-11-14T15:53:14+00:00","breadcrumb":{"@id":"https:\/\/www.peoplerise.net\/it\/trattamento-dati-area-riservata\/#breadcrumb"},"inLanguage":"it-IT","potentialAction":[{"@type":"ReadAction","target":["https:\/\/www.peoplerise.net\/it\/trattamento-dati-area-riservata\/"]}]},{"@type":"BreadcrumbList","@id":"https:\/\/www.peoplerise.net\/it\/trattamento-dati-area-riservata\/#breadcrumb","itemListElement":[{"@type":"ListItem","position":1,"name":"Home","item":"https:\/\/www.peoplerise.net\/it\/"},{"@type":"ListItem","position":2,"name":"Trattamento dati Area Riservata"}]},{"@type":"WebSite","@id":"https:\/\/www.peoplerise.net\/en\/#website","url":"https:\/\/www.peoplerise.net\/en\/","name":"peoplerise","description":"People will always be essential","potentialAction":[{"@type":"SearchAction","target":{"@type":"EntryPoint","urlTemplate":"https:\/\/www.peoplerise.net\/en\/?s={search_term_string}"},"query-input":"required name=search_term_string"}],"inLanguage":"it-IT"}]}},"_links":{"self":[{"href":"https:\/\/www.peoplerise.net\/it\/wp-json\/wp\/v2\/pages\/47511"}],"collection":[{"href":"https:\/\/www.peoplerise.net\/it\/wp-json\/wp\/v2\/pages"}],"about":[{"href":"https:\/\/www.peoplerise.net\/it\/wp-json\/wp\/v2\/types\/page"}],"author":[{"embeddable":true,"href":"https:\/\/www.peoplerise.net\/it\/wp-json\/wp\/v2\/users\/2"}],"replies":[{"embeddable":true,"href":"https:\/\/www.peoplerise.net\/it\/wp-json\/wp\/v2\/comments?post=47511"}],"version-history":[{"count":3,"href":"https:\/\/www.peoplerise.net\/it\/wp-json\/wp\/v2\/pages\/47511\/revisions"}],"predecessor-version":[{"id":47515,"href":"https:\/\/www.peoplerise.net\/it\/wp-json\/wp\/v2\/pages\/47511\/revisions\/47515"}],"wp:attachment":[{"href":"https:\/\/www.peoplerise.net\/it\/wp-json\/wp\/v2\/media?parent=47511"}],"curies":[{"name":"wp","href":"https:\/\/api.w.org\/{rel}","templated":true}]}}