{"id":4408,"date":"2018-05-25T17:42:38","date_gmt":"2018-05-25T15:42:38","guid":{"rendered":"http:\/\/www.peoplerise.net\/?page_id=4408"},"modified":"2023-10-27T14:15:47","modified_gmt":"2023-10-27T12:15:47","slug":"trattamento-dati-newsletter","status":"publish","type":"page","link":"https:\/\/www.peoplerise.net\/it\/trattamento-dati-newsletter\/","title":{"rendered":"Trattamento dati Newsletter"},"content":{"rendered":"<p>La presente Informativa viene resa ai sensi e per gli effetti dell\u2019art. 13 del Regolamento (UE) 2016\/679 (di seguito \u201cGDPR\u201d), relativo alla protezione delle persone fisiche con riguardo al trattamento dei dati personali.<\/p>\n<p>&nbsp;<\/p>\n<h2><strong>Base giuridica e finalit\u00e0 del trattamento<\/strong><\/h2>\n<p><strong><br \/>\n<\/strong>I dati personali raccolti col presente form saranno trattati al solo scopo di inviarLe via e-mail, come da Sua richiesta, newsletter (di seguito \u201c<strong>Newsletter<\/strong>\u201d). La base giuridica consiste nella necessit\u00e0 per la suddetta finalit\u00e0.<\/p>\n<p>&nbsp;<\/p>\n<h2><strong>Periodo di conservazione dei dati<\/strong><\/h2>\n<p>&nbsp;<\/p>\n<p>I Suoi dati personali saranno trattati sino alla Sua eventuale richiesta di interruzione del servizio e, comunque, per il tempo strettamente indispensabile al perseguimento delle sopra indicate finalit\u00e0, trascorso il quale saranno cancellati o resi anonimi.<\/p>\n<p>&nbsp;<\/p>\n<h2><strong>Natura del conferimento dei dati e conseguenze in caso di rifiuto<\/strong><\/h2>\n<p><strong><br \/>\n<\/strong>Il conferimento dei dati \u00e8 facoltativo. Il rifiuto di fornire i dati comporta l\u2019impossibilit\u00e0 di ottenere il servizio di Newsletter.<\/p>\n<p>&nbsp;<\/p>\n<h2><strong>Ambito di comunicazione dei dati e categorie di destinatari<\/strong><\/h2>\n<p><strong><br \/>\n<\/strong>Esclusivamente per le finalit\u00e0 sopra specificate, tutti i dati raccolti ed elaborati potranno essere comunicati a figure interne autorizzate al trattamento in ragione delle rispettive mansioni, nonch\u00e9 a societ\u00e0 terze o altri soggetti, che svolgono attivit\u00e0 in outsourcing per conto del Titolare in qualit\u00e0 di responsabili del trattamento; i Suoi dati non saranno in ogni caso oggetto di diffusione.<\/p>\n<p>&nbsp;<\/p>\n<h2><strong>Trasferimento dati verso un paese terzo e\/o un\u2019organizzazione internazionale<\/strong><\/h2>\n<p>&nbsp;<\/p>\n<p style=\"font-weight: 400;\">Il Titolare del trattamento potr\u00e0 avere necessit\u00e0 di effettuare trasferimenti nell\u2019ambito dei rapporti con partner commerciali stabiliti fuori dallo Spazio Economico Europeo, oltre che in ragione dell\u2019utilizzo di servizi informatici (cloud, backup, ecc.): in tutti questi casi, i trasferimenti saranno effettuati in conformit\u00e0 con le specifiche prescrizioni previste dalla disciplina in materia di protezione dei dati personali ricorrendo, ove non diversamente possibile, a clausole contrattuali standard.<\/p>\n<p style=\"font-weight: 400;\">Il trasferimento dei dati personali a soggetti situati negli Stati Uniti d\u2019America avverr\u00e0 esclusivamente in forza delle clausole contrattuali tipo adottate o approvate dalla Commissione dell\u2019Unione Europea e\/o della decisione di adeguatezza della Commissione dell&#8217;Unione Europea del 10-07-2023 sull&#8217;adeguatezza del livello di protezione dei dati personali con EU- US Data Privacy Framework (artt. 45 e 46, par. II, lett. c e d del Regolamento). Per ottenere copia di tali dati puoi rivolgerti ai Titolari come indicato nel seguente paragrafo.<\/p>\n<p>&nbsp;<\/p>\n<h2><strong>Diritti degli interessati<\/strong><\/h2>\n<p><strong><br \/>\n<\/strong>Lei ha il diritto (v. artt. 15 -22 del GDPR) di chiedere alla ns. Societ\u00e0 di accedere ai Suoi dati personali e di rettificarli se inesatti, di cancellarli o limitarne il trattamento se ne ricorrono i presupposti, nonch\u00e9 di ottenere la portabilit\u00e0 dei dati da Lei forniti solo se oggetto di un trattamento automatizzato basato sul Suo consenso o sul contratto. Lei ha anche il diritto di proporre reclamo all\u2019autorit\u00e0 di controllo competente in materia, Garante per la protezione dei dati personali.<\/p>\n<p>&nbsp;<\/p>\n<h2><strong>Soggetti del trattamento<\/strong><\/h2>\n<p><strong><br \/>\n<\/strong>Titolare del trattamento dei Suoi dati personali \u00e8 Peoplerise s.r.l., contattabile come tale al seguente via San Marco 9H | 35129 | Padova | Italia. Email: <a href=\"mailto:privacy@peoplerise.net\">privacy@peoplerise.net<\/a>.<\/p>\n<p>Presa visione della sopra esposta informativa, l\u2019Utente chiede di essere iscritto al servizio di Newsletter di Peoplerise s.r.l. e autorizza quest\u2019ultima all\u2019invio di e-mail a tale scopo.<\/p>\n","protected":false},"excerpt":{"rendered":"<p>La presente Informativa viene resa ai sensi e per gli effetti dell\u2019art. 13 del Regolamento (UE) 2016\/679 (di seguito \u201cGDPR\u201d), relativo alla protezione delle persone [&#8230;] <a href=\"https:\/\/www.peoplerise.net\/it\/trattamento-dati-newsletter\/\" class=\"more\"><\/a><\/p>\n","protected":false},"author":3339,"featured_media":0,"parent":0,"menu_order":1000,"comment_status":"closed","ping_status":"open","template":"","meta":{"footnotes":""},"acf":[],"yoast_head":"<!-- This site is optimized with the Yoast SEO Premium plugin v21.9 (Yoast SEO v21.9.1) - https:\/\/yoast.com\/wordpress\/plugins\/seo\/ -->\n<title>Trattamento dati Newsletter - peoplerise<\/title>\n<meta name=\"robots\" content=\"index, follow, max-snippet:-1, max-image-preview:large, max-video-preview:-1\" \/>\n<link rel=\"canonical\" href=\"https:\/\/www.peoplerise.net\/it\/trattamento-dati-newsletter\/\" \/>\n<meta property=\"og:locale\" content=\"it_IT\" \/>\n<meta property=\"og:type\" content=\"article\" \/>\n<meta property=\"og:title\" content=\"Trattamento dati Newsletter\" \/>\n<meta property=\"og:description\" content=\"La presente Informativa viene resa ai sensi e per gli effetti dell\u2019art. 13 del Regolamento (UE) 2016\/679 (di seguito \u201cGDPR\u201d), relativo alla protezione delle persone [...]\" \/>\n<meta property=\"og:url\" content=\"https:\/\/www.peoplerise.net\/it\/trattamento-dati-newsletter\/\" \/>\n<meta property=\"og:site_name\" content=\"peoplerise\" \/>\n<meta property=\"article:modified_time\" content=\"2023-10-27T12:15:47+00:00\" \/>\n<meta name=\"twitter:card\" content=\"summary_large_image\" \/>\n<meta name=\"twitter:label1\" content=\"Tempo di lettura stimato\" \/>\n\t<meta name=\"twitter:data1\" content=\"3 minuti\" \/>\n<script type=\"application\/ld+json\" class=\"yoast-schema-graph\">{\"@context\":\"https:\/\/schema.org\",\"@graph\":[{\"@type\":\"WebPage\",\"@id\":\"https:\/\/www.peoplerise.net\/it\/trattamento-dati-newsletter\/\",\"url\":\"https:\/\/www.peoplerise.net\/it\/trattamento-dati-newsletter\/\",\"name\":\"Trattamento dati Newsletter - peoplerise\",\"isPartOf\":{\"@id\":\"https:\/\/www.peoplerise.net\/en\/#website\"},\"datePublished\":\"2018-05-25T15:42:38+00:00\",\"dateModified\":\"2023-10-27T12:15:47+00:00\",\"breadcrumb\":{\"@id\":\"https:\/\/www.peoplerise.net\/it\/trattamento-dati-newsletter\/#breadcrumb\"},\"inLanguage\":\"it-IT\",\"potentialAction\":[{\"@type\":\"ReadAction\",\"target\":[\"https:\/\/www.peoplerise.net\/it\/trattamento-dati-newsletter\/\"]}]},{\"@type\":\"BreadcrumbList\",\"@id\":\"https:\/\/www.peoplerise.net\/it\/trattamento-dati-newsletter\/#breadcrumb\",\"itemListElement\":[{\"@type\":\"ListItem\",\"position\":1,\"name\":\"Home\",\"item\":\"https:\/\/www.peoplerise.net\/it\/\"},{\"@type\":\"ListItem\",\"position\":2,\"name\":\"Trattamento dati Newsletter\"}]},{\"@type\":\"WebSite\",\"@id\":\"https:\/\/www.peoplerise.net\/en\/#website\",\"url\":\"https:\/\/www.peoplerise.net\/en\/\",\"name\":\"peoplerise\",\"description\":\"People will always be essential\",\"potentialAction\":[{\"@type\":\"SearchAction\",\"target\":{\"@type\":\"EntryPoint\",\"urlTemplate\":\"https:\/\/www.peoplerise.net\/en\/?s={search_term_string}\"},\"query-input\":\"required name=search_term_string\"}],\"inLanguage\":\"it-IT\"}]}<\/script>\n<!-- \/ Yoast SEO Premium plugin. -->","yoast_head_json":{"title":"Trattamento dati Newsletter - peoplerise","robots":{"index":"index","follow":"follow","max-snippet":"max-snippet:-1","max-image-preview":"max-image-preview:large","max-video-preview":"max-video-preview:-1"},"canonical":"https:\/\/www.peoplerise.net\/it\/trattamento-dati-newsletter\/","og_locale":"it_IT","og_type":"article","og_title":"Trattamento dati Newsletter","og_description":"La presente Informativa viene resa ai sensi e per gli effetti dell\u2019art. 13 del Regolamento (UE) 2016\/679 (di seguito \u201cGDPR\u201d), relativo alla protezione delle persone [...]","og_url":"https:\/\/www.peoplerise.net\/it\/trattamento-dati-newsletter\/","og_site_name":"peoplerise","article_modified_time":"2023-10-27T12:15:47+00:00","twitter_card":"summary_large_image","twitter_misc":{"Tempo di lettura stimato":"3 minuti"},"schema":{"@context":"https:\/\/schema.org","@graph":[{"@type":"WebPage","@id":"https:\/\/www.peoplerise.net\/it\/trattamento-dati-newsletter\/","url":"https:\/\/www.peoplerise.net\/it\/trattamento-dati-newsletter\/","name":"Trattamento dati Newsletter - peoplerise","isPartOf":{"@id":"https:\/\/www.peoplerise.net\/en\/#website"},"datePublished":"2018-05-25T15:42:38+00:00","dateModified":"2023-10-27T12:15:47+00:00","breadcrumb":{"@id":"https:\/\/www.peoplerise.net\/it\/trattamento-dati-newsletter\/#breadcrumb"},"inLanguage":"it-IT","potentialAction":[{"@type":"ReadAction","target":["https:\/\/www.peoplerise.net\/it\/trattamento-dati-newsletter\/"]}]},{"@type":"BreadcrumbList","@id":"https:\/\/www.peoplerise.net\/it\/trattamento-dati-newsletter\/#breadcrumb","itemListElement":[{"@type":"ListItem","position":1,"name":"Home","item":"https:\/\/www.peoplerise.net\/it\/"},{"@type":"ListItem","position":2,"name":"Trattamento dati Newsletter"}]},{"@type":"WebSite","@id":"https:\/\/www.peoplerise.net\/en\/#website","url":"https:\/\/www.peoplerise.net\/en\/","name":"peoplerise","description":"People will always be essential","potentialAction":[{"@type":"SearchAction","target":{"@type":"EntryPoint","urlTemplate":"https:\/\/www.peoplerise.net\/en\/?s={search_term_string}"},"query-input":"required name=search_term_string"}],"inLanguage":"it-IT"}]}},"_links":{"self":[{"href":"https:\/\/www.peoplerise.net\/it\/wp-json\/wp\/v2\/pages\/4408"}],"collection":[{"href":"https:\/\/www.peoplerise.net\/it\/wp-json\/wp\/v2\/pages"}],"about":[{"href":"https:\/\/www.peoplerise.net\/it\/wp-json\/wp\/v2\/types\/page"}],"author":[{"embeddable":true,"href":"https:\/\/www.peoplerise.net\/it\/wp-json\/wp\/v2\/users\/3339"}],"replies":[{"embeddable":true,"href":"https:\/\/www.peoplerise.net\/it\/wp-json\/wp\/v2\/comments?post=4408"}],"version-history":[{"count":4,"href":"https:\/\/www.peoplerise.net\/it\/wp-json\/wp\/v2\/pages\/4408\/revisions"}],"predecessor-version":[{"id":27899,"href":"https:\/\/www.peoplerise.net\/it\/wp-json\/wp\/v2\/pages\/4408\/revisions\/27899"}],"wp:attachment":[{"href":"https:\/\/www.peoplerise.net\/it\/wp-json\/wp\/v2\/media?parent=4408"}],"curies":[{"name":"wp","href":"https:\/\/api.w.org\/{rel}","templated":true}]}}