{"id":25689,"date":"2023-08-28T14:29:29","date_gmt":"2023-08-28T12:29:29","guid":{"rendered":"https:\/\/www.peoplerise.net\/?page_id=25689"},"modified":"2023-12-07T13:06:21","modified_gmt":"2023-12-07T12:06:21","slug":"informativa-cliente","status":"publish","type":"page","link":"https:\/\/www.peoplerise.net\/it\/informativa-cliente\/","title":{"rendered":"Informativa Cliente"},"content":{"rendered":"<h2><\/h2>\n<h4>INFORMATIVA AI SENSI DELLA DISCIPLINA SULLA TUTELA DEI DATI PERSONALI.<\/h4>\n<p>&nbsp;<\/p>\n<p>Gentile Cliente,<\/p>\n<p>la presente Informativa viene resa ai sensi e per gli effetti dell\u2019art. 13 del Regolamento (UE) 2016\/679 (nel prosieguo, \u201cGDPR\u201d), relativo alla protezione delle persone fisiche con riguardo al trattamento dei dati personali.<\/p>\n<p>&nbsp;<\/p>\n<h2><strong>Finalit\u00e0 e base giuridica del trattamento<\/strong><\/h2>\n<p>&nbsp;<\/p>\n<p>I Suoi dati personali saranno trattati per le seguenti finalit\u00e0:<\/p>\n<ul>\n<li>eseguire obblighi derivanti da un contratto oppure rispondere, prima e dopo l\u2019esecuzione del contratto, a Sue specifiche richieste;<\/li>\n<li>adempiere ad obblighi di legge di natura amministrativa, contabile, civilistica, fiscale, regolamenti, normative comunitarie e\/o extracomunitarie;<\/li>\n<li>gestire l\u2019eventuale contenzioso;<\/li>\n<\/ul>\n<p>Il trattamento, necessario per il perseguimento delle suddette finalit\u00e0, \u00e8 improntato sui principi di correttezza, liceit\u00e0, trasparenza e di tutela della Sua riservatezza e dei Suoi diritti.<\/p>\n<p>&nbsp;<\/p>\n<h2><strong>Periodo di conservazione dei dati<\/strong><\/h2>\n<p>&nbsp;<\/p>\n<p>I Suoi Dati personali verranno conservati anche dopo la cessazione del contratto per l\u2019espletamento di tutti gli eventuali adempimenti connessi o derivanti dal contratto per il periodo di durata prescritto dalle leggi tempo per tempo vigenti e secondo il termine di prescrizione dei diritti scaturenti dal contratto stesso.<\/p>\n<p>&nbsp;<\/p>\n<h2><strong>Natura del conferimento dei dati e conseguenze in caso di rifiuto<\/strong><\/h2>\n<p>&nbsp;<\/p>\n<p>Il conferimento dei dati \u00e8 obbligatorio per tutto quanto \u00e8 richiesto dagli obblighi legali e contrattuali e pertanto l&#8217;eventuale rifiuto a fornirli in tutto o in parte pu\u00f2 dar luogo all&#8217;impossibilit\u00e0 per la Societ\u00e0 di dare esecuzione al contratto o di svolgere correttamente tutti gli adempimenti correlati.<\/p>\n<p><strong>\u00a0<\/strong><\/p>\n<h2><strong>Categorie dei destinatari<\/strong><\/h2>\n<p>&nbsp;<\/p>\n<p>Esclusivamente per le finalit\u00e0 sopra specificate, tutti i dati raccolti ed elaborati potranno essere comunicati a figure interne autorizzate al trattamento in ragione delle rispettive mansioni, nonch\u00e9 alle seguenti categorie di soggetti esterni:<\/p>\n<ul>\n<li>istituti di credito;<\/li>\n<li>societ\u00e0 di assicurazione del credito;<\/li>\n<li>societ\u00e0 di informazioni commerciali, societ\u00e0 di consulenza;<\/li>\n<li>avvocati e consulenti legali;<\/li>\n<li>Enti Pubblici e privati, anche a seguito di ispezioni e verifiche<\/li>\n<\/ul>\n<p>Tali destinatari, ove dovessero trattare dati per conto della nostra Societ\u00e0, saranno designati come responsabili del trattamento, con apposito contratto od altro atto giuridico.<\/p>\n<p>&nbsp;<\/p>\n<h2><strong>Trasferimento dati verso un paese terzo e\/o un\u2019organizzazione internazionale<\/strong><\/h2>\n<p>&nbsp;<\/p>\n<p style=\"font-weight: 400;\">Il Titolare del trattamento potr\u00e0 avere necessit\u00e0 di effettuare trasferimenti nell\u2019ambito dei rapporti con partner commerciali stabiliti fuori dallo Spazio Economico Europeo, oltre che in ragione dell\u2019utilizzo di servizi informatici (cloud, backup, ecc.): in tutti questi casi, i trasferimenti saranno effettuati in conformit\u00e0 con le specifiche prescrizioni previste dalla disciplina in materia di protezione dei dati personali ricorrendo, ove non diversamente possibile, a clausole contrattuali standard.<\/p>\n<p style=\"font-weight: 400;\">Il trasferimento dei dati personali a soggetti situati negli Stati Uniti d\u2019America avverr\u00e0 esclusivamente in forza delle clausole contrattuali tipo adottate o approvate dalla Commissione dell\u2019Unione Europea e\/o della decisione di adeguatezza della Commissione dell&#8217;Unione Europea del 10-07-2023 sull&#8217;adeguatezza del livello di protezione dei dati personali con EU- US Data Privacy Framework (artt. 45 e 46, par. II, lett. c e d del Regolamento). Per ottenere copia di tali dati puoi rivolgerti ai Titolari come indicato nel seguente paragrafo.<\/p>\n<p><strong>\u00a0<\/strong><\/p>\n<h2><strong>Diritti degli interessati<\/strong><\/h2>\n<p>&nbsp;<\/p>\n<p>Lei ha il diritto (vd. artt. 15 -22 del GDPR) di chiedere alla ns. Societ\u00e0 di accedere ai Suoi dati personali e di rettificarli se inesatti, di cancellarli o limitarne il trattamento se ne ricorrono i presupposti, oppure di opporsi al loro trattamento per legittimi interessi perseguiti dalla ns. Societ\u00e0, nonch\u00e9 di ottenere la portabilit\u00e0 dei dati da Lei forniti solo se oggetto di un trattamento automatizzato basato sul Suo consenso o sul contratto.<\/p>\n<p>Lei ha altres\u00ec il diritto di revocare il consenso prestato per le finalit\u00e0 di trattamento che lo richiedono, ferma restando la liceit\u00e0 del trattamento effettuato sino al momento della revoca.<\/p>\n<p>Lei ha anche il diritto di proporre reclamo all\u2019autorit\u00e0 di controllo competente in materia, Garante per la protezione dei dati personali.<\/p>\n<p>&nbsp;<\/p>\n<h2><strong>Soggetti del trattamento<\/strong><\/h2>\n<p>&nbsp;<\/p>\n<p>Titolare del trattamento dei Suoi dati personali \u00e8 Peoplerise s.r.l. SB Via San Marco &#8211; Padova, contattabile come tale al seguente indirizzo e-mail: <a href=\"mailto:privacy@peoplerise.net\" target=\"_blank\" rel=\"noopener\">privacy@peoplerise.net<\/a> .<\/p>\n<p><a href=\"#_ftnref2\" name=\"_ftn2\"><\/a><\/p>\n","protected":false},"excerpt":{"rendered":"<p>Gentile Cliente, la presente Informativa viene resa ai sensi e per gli effetti dell\u2019art. 13 del Regolamento (UE) 2016\/679 (nel prosieguo, \u201cGDPR\u201d), relativo alla protezione [&#8230;] <a href=\"https:\/\/www.peoplerise.net\/it\/informativa-cliente\/\" class=\"more\"><\/a><\/p>\n","protected":false},"author":2,"featured_media":0,"parent":0,"menu_order":0,"comment_status":"closed","ping_status":"open","template":"","meta":{"footnotes":""},"acf":[],"yoast_head":"<!-- This site is optimized with the Yoast SEO Premium plugin v21.9 (Yoast SEO v21.9.1) - https:\/\/yoast.com\/wordpress\/plugins\/seo\/ -->\n<title>Informativa Cliente - peoplerise<\/title>\n<meta name=\"robots\" content=\"index, follow, max-snippet:-1, max-image-preview:large, max-video-preview:-1\" \/>\n<link rel=\"canonical\" href=\"https:\/\/www.peoplerise.net\/it\/informativa-cliente\/\" \/>\n<meta property=\"og:locale\" content=\"it_IT\" \/>\n<meta property=\"og:type\" content=\"article\" \/>\n<meta property=\"og:title\" content=\"Informativa Cliente\" \/>\n<meta property=\"og:description\" content=\"Gentile Cliente, la presente Informativa viene resa ai sensi e per gli effetti dell\u2019art. 13 del Regolamento (UE) 2016\/679 (nel prosieguo, \u201cGDPR\u201d), relativo alla protezione [...]\" \/>\n<meta property=\"og:url\" content=\"https:\/\/www.peoplerise.net\/it\/informativa-cliente\/\" \/>\n<meta property=\"og:site_name\" content=\"peoplerise\" \/>\n<meta property=\"article:modified_time\" content=\"2023-12-07T12:06:21+00:00\" \/>\n<meta name=\"twitter:card\" content=\"summary_large_image\" \/>\n<meta name=\"twitter:label1\" content=\"Tempo di lettura stimato\" \/>\n\t<meta name=\"twitter:data1\" content=\"4 minuti\" \/>\n<script type=\"application\/ld+json\" class=\"yoast-schema-graph\">{\"@context\":\"https:\/\/schema.org\",\"@graph\":[{\"@type\":\"WebPage\",\"@id\":\"https:\/\/www.peoplerise.net\/it\/informativa-cliente\/\",\"url\":\"https:\/\/www.peoplerise.net\/it\/informativa-cliente\/\",\"name\":\"Informativa Cliente - peoplerise\",\"isPartOf\":{\"@id\":\"https:\/\/www.peoplerise.net\/en\/#website\"},\"datePublished\":\"2023-08-28T12:29:29+00:00\",\"dateModified\":\"2023-12-07T12:06:21+00:00\",\"breadcrumb\":{\"@id\":\"https:\/\/www.peoplerise.net\/it\/informativa-cliente\/#breadcrumb\"},\"inLanguage\":\"it-IT\",\"potentialAction\":[{\"@type\":\"ReadAction\",\"target\":[\"https:\/\/www.peoplerise.net\/it\/informativa-cliente\/\"]}]},{\"@type\":\"BreadcrumbList\",\"@id\":\"https:\/\/www.peoplerise.net\/it\/informativa-cliente\/#breadcrumb\",\"itemListElement\":[{\"@type\":\"ListItem\",\"position\":1,\"name\":\"Home\",\"item\":\"https:\/\/www.peoplerise.net\/it\/\"},{\"@type\":\"ListItem\",\"position\":2,\"name\":\"Informativa Cliente\"}]},{\"@type\":\"WebSite\",\"@id\":\"https:\/\/www.peoplerise.net\/en\/#website\",\"url\":\"https:\/\/www.peoplerise.net\/en\/\",\"name\":\"peoplerise\",\"description\":\"People will always be essential\",\"potentialAction\":[{\"@type\":\"SearchAction\",\"target\":{\"@type\":\"EntryPoint\",\"urlTemplate\":\"https:\/\/www.peoplerise.net\/en\/?s={search_term_string}\"},\"query-input\":\"required name=search_term_string\"}],\"inLanguage\":\"it-IT\"}]}<\/script>\n<!-- \/ Yoast SEO Premium plugin. -->","yoast_head_json":{"title":"Informativa Cliente - peoplerise","robots":{"index":"index","follow":"follow","max-snippet":"max-snippet:-1","max-image-preview":"max-image-preview:large","max-video-preview":"max-video-preview:-1"},"canonical":"https:\/\/www.peoplerise.net\/it\/informativa-cliente\/","og_locale":"it_IT","og_type":"article","og_title":"Informativa Cliente","og_description":"Gentile Cliente, la presente Informativa viene resa ai sensi e per gli effetti dell\u2019art. 13 del Regolamento (UE) 2016\/679 (nel prosieguo, \u201cGDPR\u201d), relativo alla protezione [...]","og_url":"https:\/\/www.peoplerise.net\/it\/informativa-cliente\/","og_site_name":"peoplerise","article_modified_time":"2023-12-07T12:06:21+00:00","twitter_card":"summary_large_image","twitter_misc":{"Tempo di lettura stimato":"4 minuti"},"schema":{"@context":"https:\/\/schema.org","@graph":[{"@type":"WebPage","@id":"https:\/\/www.peoplerise.net\/it\/informativa-cliente\/","url":"https:\/\/www.peoplerise.net\/it\/informativa-cliente\/","name":"Informativa Cliente - peoplerise","isPartOf":{"@id":"https:\/\/www.peoplerise.net\/en\/#website"},"datePublished":"2023-08-28T12:29:29+00:00","dateModified":"2023-12-07T12:06:21+00:00","breadcrumb":{"@id":"https:\/\/www.peoplerise.net\/it\/informativa-cliente\/#breadcrumb"},"inLanguage":"it-IT","potentialAction":[{"@type":"ReadAction","target":["https:\/\/www.peoplerise.net\/it\/informativa-cliente\/"]}]},{"@type":"BreadcrumbList","@id":"https:\/\/www.peoplerise.net\/it\/informativa-cliente\/#breadcrumb","itemListElement":[{"@type":"ListItem","position":1,"name":"Home","item":"https:\/\/www.peoplerise.net\/it\/"},{"@type":"ListItem","position":2,"name":"Informativa Cliente"}]},{"@type":"WebSite","@id":"https:\/\/www.peoplerise.net\/en\/#website","url":"https:\/\/www.peoplerise.net\/en\/","name":"peoplerise","description":"People will always be essential","potentialAction":[{"@type":"SearchAction","target":{"@type":"EntryPoint","urlTemplate":"https:\/\/www.peoplerise.net\/en\/?s={search_term_string}"},"query-input":"required name=search_term_string"}],"inLanguage":"it-IT"}]}},"_links":{"self":[{"href":"https:\/\/www.peoplerise.net\/it\/wp-json\/wp\/v2\/pages\/25689"}],"collection":[{"href":"https:\/\/www.peoplerise.net\/it\/wp-json\/wp\/v2\/pages"}],"about":[{"href":"https:\/\/www.peoplerise.net\/it\/wp-json\/wp\/v2\/types\/page"}],"author":[{"embeddable":true,"href":"https:\/\/www.peoplerise.net\/it\/wp-json\/wp\/v2\/users\/2"}],"replies":[{"embeddable":true,"href":"https:\/\/www.peoplerise.net\/it\/wp-json\/wp\/v2\/comments?post=25689"}],"version-history":[{"count":3,"href":"https:\/\/www.peoplerise.net\/it\/wp-json\/wp\/v2\/pages\/25689\/revisions"}],"predecessor-version":[{"id":28057,"href":"https:\/\/www.peoplerise.net\/it\/wp-json\/wp\/v2\/pages\/25689\/revisions\/28057"}],"wp:attachment":[{"href":"https:\/\/www.peoplerise.net\/it\/wp-json\/wp\/v2\/media?parent=25689"}],"curies":[{"name":"wp","href":"https:\/\/api.w.org\/{rel}","templated":true}]}}