{"id":25411,"date":"2023-05-25T12:52:02","date_gmt":"2023-05-25T10:52:02","guid":{"rendered":"https:\/\/www.peoplerise.net\/?page_id=25411"},"modified":"2023-10-27T14:14:50","modified_gmt":"2023-10-27T12:14:50","slug":"informativa-candidati","status":"publish","type":"page","link":"https:\/\/www.peoplerise.net\/it\/informativa-candidati\/","title":{"rendered":"Informativa candidati"},"content":{"rendered":"<h4><strong>INFORMATIVA AI SENSI DELLA DISCIPLINA SULLA TUTELA DEI DATI PERSONALI<\/strong><\/h4>\n<p>La presente Informativa viene resa ai sensi e per gli effetti dell\u2019art. 13 del Regolamento (UE) 2016\/679 (di seguito \u201cGDPR\u201d), relativo alla protezione delle persone fisiche con riguardo al trattamento dei dati personali.<\/p>\n<p>&nbsp;<\/p>\n<h2><strong>Finalit\u00e0 e base giuridica del trattamento<\/strong><\/h2>\n<p>&nbsp;<\/p>\n<p>I Suoi Dati personali sono trattati da Peoplerise S.r.l. SB per finalit\u00e0 connesse o strumentali allo svolgimento dell\u2019attivit\u00e0 di ricerca e selezione dei candidati. Il trattamento, necessario all\u2019esecuzione di misure precontrattuali adottate su Sua richiesta, \u00e8 improntato ai principi di correttezza, liceit\u00e0, trasparenza e di tutela della sua riservatezza e dei suoi diritti; il Suo consenso \u00e8 necessario solo qualora Lei comunichi dati personali appartenenti a categorie particolari (ad esempio, appartenenza a categorie protette o adesione a sindacati).<\/p>\n<p>&nbsp;<\/p>\n<h2><strong>Periodo di conservazione dei dati<\/strong><\/h2>\n<p>&nbsp;<\/p>\n<p>I Suoi Dati personali sono utilizzati per le attivit\u00e0 di selezione e saranno conservati per un massimo di 24 mesi. Decorso tale termine di conservazione, i Suoi Dati saranno distrutti o resi anonimi.<\/p>\n<p>&nbsp;<\/p>\n<h2><strong>Natura del conferimento dei dati e conseguenze in caso di rifiuto<\/strong><\/h2>\n<p>&nbsp;<\/p>\n<p>Il conferimento dei dati \u00e8 necessario per dar seguito alla finalit\u00e0 di cui sopra, poich\u00e9 in mancanza la ns. Societ\u00e0 non sarebbe in grado di valutare il Suo profilo.<\/p>\n<p>&nbsp;<\/p>\n<h2><strong>Categorie di destinatari<\/strong><\/h2>\n<p>&nbsp;<\/p>\n<p>Esclusivamente per le finalit\u00e0 sopra specificate, tutti i dati raccolti ed elaborati potranno essere comunicati a figure interne autorizzate al trattamento in ragione delle rispettive mansioni, nonch\u00e9 alle seguenti categorie di soggetti esterni:<\/p>\n<ul>\n<li>societ\u00e0 o terzi eventualmente coinvolti nella ricerca del personale;<\/li>\n<li>professionisti o societ\u00e0 di servizi che operino per conto della nostra azienda;<\/li>\n<li>Studi medici in adempimento degli obblighi in materia di igiene e sicurezza del lavoro;<\/li>\n<\/ul>\n<p>Tali destinatari, ove dovessero trattare dati per conto della nostra Societ\u00e0, saranno designati come responsabili del trattamento, con apposito contratto od altro atto giuridico.<\/p>\n<p>&nbsp;<\/p>\n<h2><strong>Trasferimento dati verso un paese terzo e\/o un\u2019organizzazione internazionale<\/strong><\/h2>\n<p>&nbsp;<\/p>\n<p style=\"font-weight: 400;\">Il Titolare del trattamento potr\u00e0 avere necessit\u00e0 di effettuare trasferimenti nell\u2019ambito dei rapporti con partner commerciali stabiliti fuori dallo Spazio Economico Europeo, oltre che in ragione dell\u2019utilizzo di servizi informatici (cloud, backup, ecc.): in tutti questi casi, i trasferimenti saranno effettuati in conformit\u00e0 con le specifiche prescrizioni previste dalla disciplina in materia di protezione dei dati personali ricorrendo, ove non diversamente possibile, a clausole contrattuali standard.<\/p>\n<p style=\"font-weight: 400;\">Il trasferimento dei dati personali a soggetti situati negli Stati Uniti d\u2019America avverr\u00e0 esclusivamente in forza delle clausole contrattuali tipo adottate o approvate dalla Commissione dell\u2019Unione Europea e\/o della decisione di adeguatezza della Commissione dell&#8217;Unione Europea del 10-07-2023 sull&#8217;adeguatezza del livello di protezione dei dati personali con EU- US Data Privacy Framework (artt. 45 e 46, par. II, lett. c e d del Regolamento). Per ottenere copia di tali dati puoi rivolgerti ai Titolari come indicato nel seguente paragrafo.<\/p>\n<p>&nbsp;<\/p>\n<h2><strong>Diritti degli interessati<\/strong><\/h2>\n<p>&nbsp;<\/p>\n<p>Lei ha il diritto (v. artt. 15 -22 del GDPR) di chiedere alla ns. Societ\u00e0 di accedere ai Suoi dati personali e di rettificarli se inesatti, di cancellarli o limitarne il trattamento se ne ricorrono i presupposti, oppure di opporsi al loro trattamento per legittimi interessi perseguiti dalla ns. Societ\u00e0, nonch\u00e9 di ottenere la portabilit\u00e0 dei dati da Lei forniti solo se oggetto di un trattamento automatizzato basato sul Suo consenso o sul contratto.<\/p>\n<p>Lei ha altres\u00ec il diritto di revocare il consenso prestato per le finalit\u00e0 di trattamento che lo richiedono, ferma restando la liceit\u00e0 del trattamento effettuato sino al momento della revoca.<\/p>\n<p>Lei ha anche il diritto di proporre reclamo all\u2019autorit\u00e0 di controllo competente in materia, Garante per la protezione dei dati personali.<\/p>\n<p>&nbsp;<\/p>\n<h2><strong>Soggetti del trattamento<\/strong><\/h2>\n<p>&nbsp;<\/p>\n<p>Titolare del trattamento dei Suoi dati personali \u00e8 Peoplerise s.r.l. SB via San Marco 9H | 35129 | Padova | Italia, contattabile come tale al seguente indirizzo e-mail <a href=\"mailto:privacy@peoplerise.net\">privacy@peoplerise.net<\/a><\/p>\n","protected":false},"excerpt":{"rendered":"<p>La presente Informativa viene resa ai sensi e per gli effetti dell\u2019art. 13 del Regolamento (UE) 2016\/679 (di seguito \u201cGDPR\u201d), relativo alla protezione delle persone [&#8230;] <a href=\"https:\/\/www.peoplerise.net\/it\/informativa-candidati\/\" class=\"more\"><\/a><\/p>\n","protected":false},"author":2,"featured_media":0,"parent":0,"menu_order":1000,"comment_status":"closed","ping_status":"closed","template":"","meta":{"footnotes":""},"acf":[],"yoast_head":"<!-- This site is optimized with the Yoast SEO Premium plugin v21.9 (Yoast SEO v21.9.1) - https:\/\/yoast.com\/wordpress\/plugins\/seo\/ -->\n<title>Informativa candidati - peoplerise<\/title>\n<meta name=\"robots\" content=\"index, follow, max-snippet:-1, max-image-preview:large, max-video-preview:-1\" \/>\n<link rel=\"canonical\" href=\"https:\/\/www.peoplerise.net\/it\/informativa-candidati\/\" \/>\n<meta property=\"og:locale\" content=\"it_IT\" \/>\n<meta property=\"og:type\" content=\"article\" \/>\n<meta property=\"og:title\" content=\"Informativa candidati\" \/>\n<meta property=\"og:description\" content=\"La presente Informativa viene resa ai sensi e per gli effetti dell\u2019art. 13 del Regolamento (UE) 2016\/679 (di seguito \u201cGDPR\u201d), relativo alla protezione delle persone [...]\" \/>\n<meta property=\"og:url\" content=\"https:\/\/www.peoplerise.net\/it\/informativa-candidati\/\" \/>\n<meta property=\"og:site_name\" content=\"peoplerise\" \/>\n<meta property=\"article:modified_time\" content=\"2023-10-27T12:14:50+00:00\" \/>\n<meta name=\"twitter:card\" content=\"summary_large_image\" \/>\n<meta name=\"twitter:label1\" content=\"Tempo di lettura stimato\" \/>\n\t<meta name=\"twitter:data1\" content=\"4 minuti\" \/>\n<script type=\"application\/ld+json\" class=\"yoast-schema-graph\">{\"@context\":\"https:\/\/schema.org\",\"@graph\":[{\"@type\":\"WebPage\",\"@id\":\"https:\/\/www.peoplerise.net\/it\/informativa-candidati\/\",\"url\":\"https:\/\/www.peoplerise.net\/it\/informativa-candidati\/\",\"name\":\"Informativa candidati - peoplerise\",\"isPartOf\":{\"@id\":\"https:\/\/www.peoplerise.net\/en\/#website\"},\"datePublished\":\"2023-05-25T10:52:02+00:00\",\"dateModified\":\"2023-10-27T12:14:50+00:00\",\"breadcrumb\":{\"@id\":\"https:\/\/www.peoplerise.net\/it\/informativa-candidati\/#breadcrumb\"},\"inLanguage\":\"it-IT\",\"potentialAction\":[{\"@type\":\"ReadAction\",\"target\":[\"https:\/\/www.peoplerise.net\/it\/informativa-candidati\/\"]}]},{\"@type\":\"BreadcrumbList\",\"@id\":\"https:\/\/www.peoplerise.net\/it\/informativa-candidati\/#breadcrumb\",\"itemListElement\":[{\"@type\":\"ListItem\",\"position\":1,\"name\":\"Home\",\"item\":\"https:\/\/www.peoplerise.net\/it\/\"},{\"@type\":\"ListItem\",\"position\":2,\"name\":\"Informativa candidati\"}]},{\"@type\":\"WebSite\",\"@id\":\"https:\/\/www.peoplerise.net\/en\/#website\",\"url\":\"https:\/\/www.peoplerise.net\/en\/\",\"name\":\"peoplerise\",\"description\":\"People will always be essential\",\"potentialAction\":[{\"@type\":\"SearchAction\",\"target\":{\"@type\":\"EntryPoint\",\"urlTemplate\":\"https:\/\/www.peoplerise.net\/en\/?s={search_term_string}\"},\"query-input\":\"required name=search_term_string\"}],\"inLanguage\":\"it-IT\"}]}<\/script>\n<!-- \/ Yoast SEO Premium plugin. -->","yoast_head_json":{"title":"Informativa candidati - peoplerise","robots":{"index":"index","follow":"follow","max-snippet":"max-snippet:-1","max-image-preview":"max-image-preview:large","max-video-preview":"max-video-preview:-1"},"canonical":"https:\/\/www.peoplerise.net\/it\/informativa-candidati\/","og_locale":"it_IT","og_type":"article","og_title":"Informativa candidati","og_description":"La presente Informativa viene resa ai sensi e per gli effetti dell\u2019art. 13 del Regolamento (UE) 2016\/679 (di seguito \u201cGDPR\u201d), relativo alla protezione delle persone [...]","og_url":"https:\/\/www.peoplerise.net\/it\/informativa-candidati\/","og_site_name":"peoplerise","article_modified_time":"2023-10-27T12:14:50+00:00","twitter_card":"summary_large_image","twitter_misc":{"Tempo di lettura stimato":"4 minuti"},"schema":{"@context":"https:\/\/schema.org","@graph":[{"@type":"WebPage","@id":"https:\/\/www.peoplerise.net\/it\/informativa-candidati\/","url":"https:\/\/www.peoplerise.net\/it\/informativa-candidati\/","name":"Informativa candidati - peoplerise","isPartOf":{"@id":"https:\/\/www.peoplerise.net\/en\/#website"},"datePublished":"2023-05-25T10:52:02+00:00","dateModified":"2023-10-27T12:14:50+00:00","breadcrumb":{"@id":"https:\/\/www.peoplerise.net\/it\/informativa-candidati\/#breadcrumb"},"inLanguage":"it-IT","potentialAction":[{"@type":"ReadAction","target":["https:\/\/www.peoplerise.net\/it\/informativa-candidati\/"]}]},{"@type":"BreadcrumbList","@id":"https:\/\/www.peoplerise.net\/it\/informativa-candidati\/#breadcrumb","itemListElement":[{"@type":"ListItem","position":1,"name":"Home","item":"https:\/\/www.peoplerise.net\/it\/"},{"@type":"ListItem","position":2,"name":"Informativa candidati"}]},{"@type":"WebSite","@id":"https:\/\/www.peoplerise.net\/en\/#website","url":"https:\/\/www.peoplerise.net\/en\/","name":"peoplerise","description":"People will always be essential","potentialAction":[{"@type":"SearchAction","target":{"@type":"EntryPoint","urlTemplate":"https:\/\/www.peoplerise.net\/en\/?s={search_term_string}"},"query-input":"required name=search_term_string"}],"inLanguage":"it-IT"}]}},"_links":{"self":[{"href":"https:\/\/www.peoplerise.net\/it\/wp-json\/wp\/v2\/pages\/25411"}],"collection":[{"href":"https:\/\/www.peoplerise.net\/it\/wp-json\/wp\/v2\/pages"}],"about":[{"href":"https:\/\/www.peoplerise.net\/it\/wp-json\/wp\/v2\/types\/page"}],"author":[{"embeddable":true,"href":"https:\/\/www.peoplerise.net\/it\/wp-json\/wp\/v2\/users\/2"}],"replies":[{"embeddable":true,"href":"https:\/\/www.peoplerise.net\/it\/wp-json\/wp\/v2\/comments?post=25411"}],"version-history":[{"count":2,"href":"https:\/\/www.peoplerise.net\/it\/wp-json\/wp\/v2\/pages\/25411\/revisions"}],"predecessor-version":[{"id":27901,"href":"https:\/\/www.peoplerise.net\/it\/wp-json\/wp\/v2\/pages\/25411\/revisions\/27901"}],"wp:attachment":[{"href":"https:\/\/www.peoplerise.net\/it\/wp-json\/wp\/v2\/media?parent=25411"}],"curies":[{"name":"wp","href":"https:\/\/api.w.org\/{rel}","templated":true}]}}