{"id":23475,"date":"2021-11-17T17:12:02","date_gmt":"2021-11-17T16:12:02","guid":{"rendered":"https:\/\/www.peoplerise.net\/?page_id=23475"},"modified":"2024-04-15T14:53:18","modified_gmt":"2024-04-15T12:53:18","slug":"privacy_policy","status":"publish","type":"page","link":"https:\/\/www.peoplerise.net\/it\/privacy_policy\/","title":{"rendered":"Privacy Policy"},"content":{"rendered":"<p><strong>La gestione della privacy e dei dati di tutti coloro che interagiscono con Peoplerise \u00e8 molto importante per noi.<\/strong><\/p>\n<p>Per questo abbiamo cercato di rendere la sezione del nostro sito dedicata a questa materia quanto pi\u00f9 completa e chiara possibile.<\/p>\n<p>&nbsp;<\/p>\n<p><strong>PEOPLERISE S.R.L. SB<\/strong>, con sede in Italia a Padova in Via San Marco 9H, in qualit\u00e0 di titolare del trattamento dei suoi dati personali (di seguito \u201cTitolare\u201d), rilascia la presente informativa nel rispetto della disciplina europea e italiana in materia di protezione dei dati personali, allo scopo di farti conoscere le finalit\u00e0 e le modalit\u00e0 del trattamento dei dati personali che potresti comunicare durante la navigazione nel presente sito web (di seguito \u201cSito\u201d).<\/p>\n<p>Si precisa che la presente informativa si riferisce unicamente al Sito e non a siti web di soggetti terzi, eventualmente raggiungibili dall\u2019Utente mediante link in esso presenti.<\/p>\n<p>&nbsp;<\/p>\n<h2><strong>CATEGORIE DI DATI TRATTATI<\/strong><\/h2>\n<p>&nbsp;<\/p>\n<h4><strong>Dati di navigazione<\/strong><\/h4>\n<p>I sistemi informatici e le procedure software preposte al funzionamento di questo sito web acquisiscono, nel corso del loro normale esercizio, alcuni dati personali la cui trasmissione \u00e8 implicita nell&#8217;uso dei protocolli di comunicazione di Internet. Si tratta di informazioni che non sono raccolte per essere associate a interessati identificati, ma che per loro stessa natura potrebbero, attraverso elaborazioni ed associazioni con dati detenuti da terzi, permettere di identificare gli utenti. In questa categoria di dati rientrano, ad esempio, gli indirizzi IP o i nomi a dominio dei computer utilizzati dagli utenti che si connettono al sito, gli indirizzi in notazione URI (Uniform Resource Identifier) delle risorse richieste, l&#8217;orario della richiesta, il metodo utilizzato nel sottoporre la richiesta al server, la dimensione del file ottenuto in risposta, il codice numerico indicante lo stato della risposta data dal server (buon fine, errore, ecc.) ed altri parametri relativi al sistema operativo e all&#8217;ambiente informatico dell&#8217;utente. Questi dati vengono utilizzati al solo fine di ricavare informazioni statistiche anonime sull&#8217;uso del sito e per controllarne il corretto funzionamento e vengono cancellati immediatamente dopo l&#8217;elaborazione.<\/p>\n<p>&nbsp;<\/p>\n<h4><strong>Dati forniti volontariamente dall\u2019Utente<\/strong><\/h4>\n<p>L&#8217;invio di posta elettronica agli indirizzi indicati nel Sito &#8211; facoltativo, esplicito e volontario &#8211; comporta la successiva acquisizione del tuo indirizzo e-mail, necessario per rispondere alle richieste, nonch\u00e9 degli ulteriori dati personali eventualmente comunicati. Nel Sito sono presenti form di compilazione, corredati da specifiche informative sul trattamento dei dati personali svolto e, laddove necessario, da richieste di consenso: ti invitiamo pertanto a prenderne visione prima di procedere con l\u2019utilizzo del form.<\/p>\n<p>&nbsp;<\/p>\n<h4><strong>Cookie<\/strong><\/h4>\n<p>Per ogni informazione in ordine all\u2019utilizzo dei cookie da parte del Sito, accedi all\u2019apposita informativa cliccando <a href=\"https:\/\/www.peoplerise.net\/it\/cookie-policy\/\" target=\"_blank\" rel=\"noopener\"><strong>qui<\/strong><\/a>.<\/p>\n<p>&nbsp;<\/p>\n<h2><strong>FINALIT\u00c0 E BASE GIURIDICA DEL TRATTAMENTO, NATURA DEL CONFERIMENTO DEI DATI E CONSEGUENZE IN CASO DI RIFIUTO<\/strong><\/h2>\n<p>&nbsp;<\/p>\n<p>Il Titolare tratter\u00e0 i tuoi dati per agevolare la navigazione e per fornire i servizi da te eventualmente richiesti tramite i moduli appositamente predisposti nel Sito. A parte quanto specificato per i dati di navigazione e per i cookie tecnici, nell\u2019ambito delle sezioni del Sito predisposte per particolari servizi a tua richiesta sarai libero di fornire i tuoi dati personali per le finalit\u00e0 riportate nelle rispettive informative, ma il loro mancato conferimento pu\u00f2 comportare l&#8217;impossibilit\u00e0 di ottenere il servizio richiesto.<\/p>\n<p>&nbsp;<\/p>\n<h2><strong>PERIODO DI CONSERVAZIONE DEI DATI<\/strong><\/h2>\n<p>&nbsp;<\/p>\n<p>Il Titolare tratter\u00e0 i dati personali raccolti attraverso l\u2019utilizzo del Sito per il tempo strettamente necessario a conseguire gli scopi per cui sono stati raccolti nonch\u00e9, terminato quest\u2019ultimo, per i tempi eventualmente stabiliti dalle norme vigenti. Per maggiori dettagli, si rimanda alle eventualmente informative predisposte per particolari servizi.<\/p>\n<p>&nbsp;<\/p>\n<h2><strong>AMBITO DI COMUNICAZIONE DEI DATI E CATEGORIE DI DESTINATARI<\/strong><\/h2>\n<p>&nbsp;<\/p>\n<p>Il Titolare non diffonder\u00e0 i dati, ma intende comunicarli a figure interne autorizzate al trattamento in ragione delle rispettive mansioni, nonch\u00e9 a soggetti esterni a cui si rendesse necessario comunicare i dati. Tali destinatari, ove dovessero trattare dati per conto del Titolare, saranno designati come responsabili del trattamento con apposito contratto od altro atto giuridico.<\/p>\n<p>Per maggiori dettagli, si rimanda alle informative predisposte per particolari servizi.<\/p>\n<p>&nbsp;<\/p>\n<h2><strong>TRASFERIMENTO DATI VERSO UN PAESE TERZO E\/O UN\u2019ORGANIZZAZIONE INTERNAZIONALE<\/strong><\/h2>\n<p>&nbsp;<\/p>\n<p>Il Titolare del trattamento potr\u00e0 avere necessit\u00e0 di effettuare trasferimenti nell\u2019ambito dei rapporti con partner commerciali stabiliti fuori dallo Spazio Economico Europeo, oltre che in ragione dell\u2019utilizzo di servizi informatici (cloud, backup, ecc.): in tutti questi casi, i trasferimenti saranno effettuati in conformit\u00e0 con le specifiche prescrizioni previste dalla disciplina in materia di protezione dei dati personali ricorrendo, ove non diversamente possibile, a clausole contrattuali standard.<\/p>\n<p>Il trasferimento dei dati personali a soggetti situati negli Stati Uniti d\u2019America avverr\u00e0 esclusivamente in forza delle clausole contrattuali tipo adottate o approvate dalla Commissione dell\u2019Unione Europea e\/o della decisione di adeguatezza della Commissione dell\u2019Unione Europea del 10-07-2023 sull\u2019adeguatezza del livello di protezione dei dati personali con EU- US Data Privacy Framework (artt. 45 e 46, par. II, lett. c e d del Regolamento). Per ottenere copia di tali dati puoi rivolgerti ai Titolari come indicato nel seguente paragrafo.<\/p>\n<p>&nbsp;<\/p>\n<h2><strong>DIRITTI DEGLI INTERESSATI<\/strong><\/h2>\n<p>&nbsp;<\/p>\n<p>\u00c8 tuo diritto chiedere al Titolare di accedere ai tuoi dati personali e di rettificarli se inesatti, di cancellarli o limitarne il trattamento se ne ricorrono i presupposti, di opporti al loro trattamento per legittimi interessi perseguiti dal Titolare, nonch\u00e9 di ottenere la portabilit\u00e0 dei dati personalmente forniti solo se oggetto di un trattamento automatizzato basato sul consenso o sul contratto. Hai altres\u00ec il diritto di revocare il consenso prestato per le finalit\u00e0 di trattamento che lo richiedono, ferma restando la liceit\u00e0 del trattamento effettuato sino al momento della revoca.<\/p>\n<p>Per esercitare i tuoi diritti, puoi utilizzare il modulo disponibile<strong> <a href=\"https:\/\/www.garanteprivacy.it\/web\/guest\/home\/docweb\/-\/docweb-display\/docweb\/1089924\">qui<\/a> <\/strong>e inoltrarlo al seguente recapito: <strong><a href=\"https:\/\/www.peoplerise.net\/it\/cookie-policy\/\">privacy@peoplerise.net<\/a>.<\/strong> Ti ricordiamo infine che hai anche il diritto di proporre reclamo all\u2019autorit\u00e0 di controllo competente in materia, Garante per la protezione dei dati personali (<a href=\"http:\/\/www.garanteprivacy.it\">www.garanteprivacy.it<\/a>).<\/p>\n<p>&nbsp;<\/p>\n<h4><strong><em>Ultimo aggiornamento: agosto 2023.<\/em><\/strong><\/h4>\n<p>&nbsp;<\/p>\n<p><em>La presente informativa potrebbe subire modifiche: ti consigliamo quindi di controllare la data dell\u2019ultima revisione. Qualunque cambiamento avr\u00e0 effetto dalla data di pubblicazione sul Sito, ma le modifiche ritenute pi\u00f9 significative ti saranno comunicate, laddove possibile (per esempio, se fossi iscritto al nostro servizio di newsletter).<\/em><\/p>\n<p>&nbsp;<\/p>\n<p>&nbsp;<\/p>\n<p>&nbsp;<\/p>\n<h3>Ulteriori approfondimenti:<\/h3>\n<p>&nbsp;<\/p>\n<ul>\n<li><a href=\"https:\/\/www.peoplerise.net\/it\/informativa-clienti-societa\/\" target=\"_blank\" rel=\"noopener\">INFORMATIVA CLIENTE SOCIET\u00c0<\/a><\/li>\n<\/ul>\n<ul>\n<li><a href=\"https:\/\/www.peoplerise.net\/it\/informativa-cliente\/\" target=\"_blank\" rel=\"noopener\">INFORMATIVA CLIENTE<\/a><\/li>\n<\/ul>\n<ul>\n<li><a href=\"https:\/\/www.peoplerise.net\/it\/informativa-per-fornitori-societa\/\" target=\"_blank\" rel=\"noopener\">INFORMATIVA FORNITORE SOCIET\u00c0<\/a><\/li>\n<\/ul>\n<ul>\n<li><a href=\"https:\/\/www.peoplerise.net\/it\/informativa-fornitore\/\" target=\"_blank\" rel=\"noopener\">INFORMATIVA FORNITORE<\/a><\/li>\n<\/ul>\n<ul>\n<li><a href=\"https:\/\/www.peoplerise.net\/it\/trattamento-dati-newsletter\/\" target=\"_blank\" rel=\"noopener noreferrer\">INFORMATIVA PER ISCRIZIONE ALLA NEWSLETTER<\/a><\/li>\n<\/ul>\n<ul>\n<li><a href=\"https:\/\/www.peoplerise.net\/it\/informativa-candidati\/\" target=\"_blank\" rel=\"noopener noreferrer\">INFORMATIVA PER I CANDIDATI<\/a><\/li>\n<\/ul>\n<ul>\n<li><a href=\"https:\/\/www.peoplerise.net\/it\/trattamento-dati-contatti\/\" target=\"_blank\" rel=\"noopener noreferrer\">INFORMATIVA PER RICHIESTE DI INFO e CONTATTI<\/a><\/li>\n<\/ul>\n<p>&nbsp;<\/p>\n<p>A prescindere dagli adempimenti legali, approfonditi meglio in queste pagine, se qualcosa non fosse chiaro non esitare a contattarci inviandoci un&#8217;email a\u00a0<a href=\"mailto:privacy@peoplerise.net\">privacy@peoplerise.net<\/a><\/p>\n","protected":false},"excerpt":{"rendered":"<p>La gestione della privacy e dei dati di tutti coloro che interagiscono con Peoplerise \u00e8 molto importante per noi. Per questo abbiamo cercato di rendere [&#8230;] <a href=\"https:\/\/www.peoplerise.net\/it\/privacy_policy\/\" class=\"more\"><\/a><\/p>\n","protected":false},"author":3337,"featured_media":0,"parent":0,"menu_order":0,"comment_status":"closed","ping_status":"closed","template":"","meta":{"footnotes":""},"acf":[],"yoast_head":"<!-- This site is optimized with the Yoast SEO Premium plugin v21.9 (Yoast SEO v21.9.1) - https:\/\/yoast.com\/wordpress\/plugins\/seo\/ -->\n<title>Privacy Policy - peoplerise<\/title>\n<meta name=\"robots\" content=\"index, follow, max-snippet:-1, max-image-preview:large, max-video-preview:-1\" \/>\n<link rel=\"canonical\" href=\"https:\/\/www.peoplerise.net\/it\/privacy_policy\/\" \/>\n<meta property=\"og:locale\" content=\"it_IT\" \/>\n<meta property=\"og:type\" content=\"article\" \/>\n<meta property=\"og:title\" content=\"Privacy Policy\" \/>\n<meta property=\"og:description\" content=\"La gestione della privacy e dei dati di tutti coloro che interagiscono con Peoplerise \u00e8 molto importante per noi. Per questo abbiamo cercato di rendere [...]\" \/>\n<meta property=\"og:url\" content=\"https:\/\/www.peoplerise.net\/it\/privacy_policy\/\" \/>\n<meta property=\"og:site_name\" content=\"peoplerise\" \/>\n<meta property=\"article:modified_time\" content=\"2024-04-15T12:53:18+00:00\" \/>\n<meta name=\"twitter:card\" content=\"summary_large_image\" \/>\n<meta name=\"twitter:label1\" content=\"Tempo di lettura stimato\" \/>\n\t<meta name=\"twitter:data1\" content=\"6 minuti\" \/>\n<script type=\"application\/ld+json\" class=\"yoast-schema-graph\">{\"@context\":\"https:\/\/schema.org\",\"@graph\":[{\"@type\":\"WebPage\",\"@id\":\"https:\/\/www.peoplerise.net\/it\/privacy_policy\/\",\"url\":\"https:\/\/www.peoplerise.net\/it\/privacy_policy\/\",\"name\":\"Privacy Policy - peoplerise\",\"isPartOf\":{\"@id\":\"https:\/\/www.peoplerise.net\/en\/#website\"},\"datePublished\":\"2021-11-17T16:12:02+00:00\",\"dateModified\":\"2024-04-15T12:53:18+00:00\",\"breadcrumb\":{\"@id\":\"https:\/\/www.peoplerise.net\/it\/privacy_policy\/#breadcrumb\"},\"inLanguage\":\"it-IT\",\"potentialAction\":[{\"@type\":\"ReadAction\",\"target\":[\"https:\/\/www.peoplerise.net\/it\/privacy_policy\/\"]}]},{\"@type\":\"BreadcrumbList\",\"@id\":\"https:\/\/www.peoplerise.net\/it\/privacy_policy\/#breadcrumb\",\"itemListElement\":[{\"@type\":\"ListItem\",\"position\":1,\"name\":\"Home\",\"item\":\"https:\/\/www.peoplerise.net\/it\/\"},{\"@type\":\"ListItem\",\"position\":2,\"name\":\"Privacy Policy\"}]},{\"@type\":\"WebSite\",\"@id\":\"https:\/\/www.peoplerise.net\/en\/#website\",\"url\":\"https:\/\/www.peoplerise.net\/en\/\",\"name\":\"peoplerise\",\"description\":\"People will always be essential\",\"potentialAction\":[{\"@type\":\"SearchAction\",\"target\":{\"@type\":\"EntryPoint\",\"urlTemplate\":\"https:\/\/www.peoplerise.net\/en\/?s={search_term_string}\"},\"query-input\":\"required name=search_term_string\"}],\"inLanguage\":\"it-IT\"}]}<\/script>\n<!-- \/ Yoast SEO Premium plugin. -->","yoast_head_json":{"title":"Privacy Policy - peoplerise","robots":{"index":"index","follow":"follow","max-snippet":"max-snippet:-1","max-image-preview":"max-image-preview:large","max-video-preview":"max-video-preview:-1"},"canonical":"https:\/\/www.peoplerise.net\/it\/privacy_policy\/","og_locale":"it_IT","og_type":"article","og_title":"Privacy Policy","og_description":"La gestione della privacy e dei dati di tutti coloro che interagiscono con Peoplerise \u00e8 molto importante per noi. Per questo abbiamo cercato di rendere [...]","og_url":"https:\/\/www.peoplerise.net\/it\/privacy_policy\/","og_site_name":"peoplerise","article_modified_time":"2024-04-15T12:53:18+00:00","twitter_card":"summary_large_image","twitter_misc":{"Tempo di lettura stimato":"6 minuti"},"schema":{"@context":"https:\/\/schema.org","@graph":[{"@type":"WebPage","@id":"https:\/\/www.peoplerise.net\/it\/privacy_policy\/","url":"https:\/\/www.peoplerise.net\/it\/privacy_policy\/","name":"Privacy Policy - peoplerise","isPartOf":{"@id":"https:\/\/www.peoplerise.net\/en\/#website"},"datePublished":"2021-11-17T16:12:02+00:00","dateModified":"2024-04-15T12:53:18+00:00","breadcrumb":{"@id":"https:\/\/www.peoplerise.net\/it\/privacy_policy\/#breadcrumb"},"inLanguage":"it-IT","potentialAction":[{"@type":"ReadAction","target":["https:\/\/www.peoplerise.net\/it\/privacy_policy\/"]}]},{"@type":"BreadcrumbList","@id":"https:\/\/www.peoplerise.net\/it\/privacy_policy\/#breadcrumb","itemListElement":[{"@type":"ListItem","position":1,"name":"Home","item":"https:\/\/www.peoplerise.net\/it\/"},{"@type":"ListItem","position":2,"name":"Privacy Policy"}]},{"@type":"WebSite","@id":"https:\/\/www.peoplerise.net\/en\/#website","url":"https:\/\/www.peoplerise.net\/en\/","name":"peoplerise","description":"People will always be essential","potentialAction":[{"@type":"SearchAction","target":{"@type":"EntryPoint","urlTemplate":"https:\/\/www.peoplerise.net\/en\/?s={search_term_string}"},"query-input":"required name=search_term_string"}],"inLanguage":"it-IT"}]}},"_links":{"self":[{"href":"https:\/\/www.peoplerise.net\/it\/wp-json\/wp\/v2\/pages\/23475"}],"collection":[{"href":"https:\/\/www.peoplerise.net\/it\/wp-json\/wp\/v2\/pages"}],"about":[{"href":"https:\/\/www.peoplerise.net\/it\/wp-json\/wp\/v2\/types\/page"}],"author":[{"embeddable":true,"href":"https:\/\/www.peoplerise.net\/it\/wp-json\/wp\/v2\/users\/3337"}],"replies":[{"embeddable":true,"href":"https:\/\/www.peoplerise.net\/it\/wp-json\/wp\/v2\/comments?post=23475"}],"version-history":[{"count":4,"href":"https:\/\/www.peoplerise.net\/it\/wp-json\/wp\/v2\/pages\/23475\/revisions"}],"predecessor-version":[{"id":47209,"href":"https:\/\/www.peoplerise.net\/it\/wp-json\/wp\/v2\/pages\/23475\/revisions\/47209"}],"wp:attachment":[{"href":"https:\/\/www.peoplerise.net\/it\/wp-json\/wp\/v2\/media?parent=23475"}],"curies":[{"name":"wp","href":"https:\/\/api.w.org\/{rel}","templated":true}]}}