{"id":22703,"date":"2021-10-10T22:05:50","date_gmt":"2021-10-10T20:05:50","guid":{"rendered":"https:\/\/www.peoplerise.net\/?page_id=22703"},"modified":"2025-11-20T13:21:01","modified_gmt":"2025-11-20T12:21:01","slug":"peoplerise","status":"publish","type":"page","link":"https:\/\/www.peoplerise.net\/it\/","title":{"rendered":"Homepage"},"content":{"rendered":"","protected":false},"excerpt":{"rendered":"","protected":false},"author":3337,"featured_media":22835,"parent":0,"menu_order":0,"comment_status":"closed","ping_status":"closed","template":"templates\/sezione.php","meta":{"footnotes":""},"acf":{"blocks":[{"acf_fc_layout":"block_hero","title":"In viaggio verso nuovi modi di fare azienda","image":22738,"image_mobile":22740},{"acf_fc_layout":"block_text","anchor":"servizi","intro":"<h2>Sali a bordo con noi verso la trasformazione!<\/h2>\r\nTi accompagniamo in un percorso per <span style=\"text-decoration: underline;\">trasformare le tue idee in strategie reali<\/span>, liberando il massimo potenziale delle persone nella tua azienda, attraverso percorsi (modulabili) di:\r\n\r\n&nbsp;\r\n<ul>\r\n \t<li>- chiarezza <strong>strategica<\/strong> e <strong>proposito<\/strong> d'impatto<\/li>\r\n \t<li>- programmi di <strong>leadership diffusa<\/strong><\/li>\r\n \t<li>- innovazione <strong>inclusiva e partecipata<\/strong><\/li>\r\n \t<li>- creazione strategica di <strong>academy<\/strong> aziendali <strong>trasversali<\/strong><\/li>\r\n \t<li>- evoluzione culturale &amp; <strong>DEI <\/strong>(UEIB)<\/li>\r\n \t<li>- trasformazione organizzativa \"<strong>vera &amp; leggera\"<\/strong> ispirata alla <strong>Teal<\/strong><\/li>\r\n \t<li>- advisoring verso <strong>strategie rigenerative<\/strong><\/li>\r\n<\/ul>\r\n<a class=\"button\" href=\"https:\/\/www.peoplerise.net\/it\/trasformazione\/\" target=\"_blank\" rel=\"noopener\">Scopri di pi\u00f9<\/a>","hidden":""},{"acf_fc_layout":"block_slider_fixed","anchor":"ultime-news","orientation":"alt-sx","image":23705,"title":"Ultime News","items":[47635,47453,47376,47467,47197,47252,47188,47224,21623,27865,28020],"seeall":"\/it\/media\/","seeall_label":"Vedi tutte"},{"acf_fc_layout":"block_feedback","anchor":"feedback","intro":"<h2>La parola ai nostri clienti<\/h2>\r\nLa partecipazione e il coinvolgimento attivo dei clienti \u00e8 il nostro futuro. E il nostro presente. Non c\u2019\u00e8 modo pi\u00f9 onesto di <span style=\"text-decoration: underline;\">raccontare Peoplerise<\/span> se non con le loro parole.","count":"3","items":[47845,47769,47767,47955,47952,47766,47802,47800,47768,47765,47764,47763,47762,47761,47760,47759,47758,47757,47756,47755,47754,47753,47752,47751,47750,47749,47748,47747,47745,47744,47746,47743,3936,3940,3944,3941,3953,3943,3935,3938,3946,3964,3950,3952,3960,3956,3957,3937]},{"acf_fc_layout":"block_grid","anchor":"Progetti","type":"project","highlight":false,"intro":"<h2>I nostri progetti<\/h2>\r\n<span style=\"text-decoration: underline;\">Far emergere ci\u00f2 di cui ha davvero bisogno la tua azienda<\/span> \u00e8 il nostro primo passo verso la tua realt\u00e0. Insieme andremo alla ricerca del senso pi\u00f9 autentico, per amplificare l\u2019impatto di scelte e azioni quotidiane.","items":[9532,5937,21486],"seeall":"\/it\/projects\/","seeall_label":"Vedi tutti"},{"acf_fc_layout":"block_alternate","anchor":"","orientation":"alt-sx","image":22844,"intro":"<h2>APPROCCIO<\/h2>\r\nTutto quello che fa di noi ci\u00f2 che siamo, <span style=\"text-decoration: underline;\">la nostra Peoplerise Way<\/span>: valori, metodi, la direzione condivisa, dall\u2019attivit\u00e0 di ricerca che ha origine da diverse radici teoriche, alla pratica concreta che si realizza nei nostri progetti.\r\n\r\n<a class=\"button\" href=\"https:\/\/www.peoplerise.net\/it\/approccio\/\" target=\"_blank\" rel=\"noopener\">Approfondisci!<\/a>","hidden":""},{"acf_fc_layout":"block_alternate","anchor":"","orientation":"alt-dx","image":22851,"intro":"<h2>ECOSISTEMA<\/h2>\r\n<span style=\"text-decoration: underline;\">Le persone saranno sempre essenziali.<\/span> Siamo felici di poter condividere i nostri viaggi di trasformazione con compagni che, come noi, hanno la passione e la volont\u00e0 di rendere le proprie azioni un risultato positivo per gli altri.\r\n\r\n<a class=\"button\" href=\"https:\/\/www.peoplerise.net\/it\/ecosistema\/\" target=\"_blank\" rel=\"noopener\">Vieni a conoscerci!<\/a>","hidden":""},{"acf_fc_layout":"block_cols","anchor":"numeri","intro":"<h2>DIAMO UN PO\u2019 I NUMERI<\/h2>\r\nVuoi saperne di pi\u00f9?\r\n\r\n<a class=\"button\" href=\"https:\/\/www.peoplerise.net\/it\/contatti\/\" target=\"_blank\" rel=\"noopener\">Contattaci!<\/a>","count":"3","slider":false,"cols":[{"col_intro":"<div class=\"numbers\">\r\n\r\n<strong>170+<\/strong>\r\nclienti\r\n\r\n<\/div>","col_image":""},{"col_intro":"<div class=\"numbers\">\r\n\r\n<strong>450+<\/strong>\r\nprogetti realizzati\r\n\r\n<\/div>","col_image":""},{"col_intro":"<div class=\"numbers\">\r\n\r\n<strong>13000+<\/strong>\r\npersone coinvolte\r\n\r\n<\/div>","col_image":""},{"col_intro":"<div class=\"numbers\">\r\n\r\n<strong>4,69<\/strong>\r\nmedia valutazione cliente\r\n\r\n<\/div>","col_image":""},{"col_intro":"<div class=\"numbers\">\r\n\r\n<strong>30+<\/strong>\r\nPaesi in cui abbiamo lavorato\r\n\r\n<\/div>","col_image":""},{"col_intro":"<div class=\"numbers\">\r\n\r\n<strong>400+<\/strong>\r\nore di eventi pubblici\r\n\r\n<\/div>","col_image":""}]}]},"yoast_head":"<!-- This site is optimized with the Yoast SEO Premium plugin v21.9 (Yoast SEO v21.9.1) - https:\/\/yoast.com\/wordpress\/plugins\/seo\/ -->\n<title>peoplerise - People will always be essential<\/title>\n<meta name=\"description\" content=\"Ti accompagniamo in un percorso per trasformare le tue idee in strategie reali, liberando il massimo potenziale delle persone nella tua azienda.\" \/>\n<meta name=\"robots\" content=\"index, follow, max-snippet:-1, max-image-preview:large, max-video-preview:-1\" \/>\n<link rel=\"canonical\" href=\"https:\/\/www.peoplerise.net\/it\/\" \/>\n<meta property=\"og:locale\" content=\"it_IT\" \/>\n<meta property=\"og:type\" content=\"article\" \/>\n<meta property=\"og:title\" content=\"Homepage\" \/>\n<meta property=\"og:description\" content=\"Ti accompagniamo in un percorso per trasformare le tue idee in strategie reali, liberando il massimo potenziale delle persone nella tua azienda.\" \/>\n<meta property=\"og:url\" content=\"https:\/\/www.peoplerise.net\/it\/\" \/>\n<meta property=\"og:site_name\" content=\"peoplerise\" \/>\n<meta property=\"article:modified_time\" content=\"2025-11-20T12:21:01+00:00\" \/>\n<meta property=\"og:image\" content=\"https:\/\/www.peoplerise.net\/wp-content\/uploads\/2021\/10\/leminscata.jpg\" \/>\n\t<meta property=\"og:image:width\" content=\"1920\" \/>\n\t<meta property=\"og:image:height\" content=\"1080\" \/>\n\t<meta property=\"og:image:type\" content=\"image\/jpeg\" \/>\n<meta name=\"twitter:card\" content=\"summary_large_image\" \/>\n<meta name=\"twitter:label1\" content=\"Tempo di lettura stimato\" \/>\n\t<meta name=\"twitter:data1\" content=\"1 minuto\" \/>\n<script type=\"application\/ld+json\" class=\"yoast-schema-graph\">{\"@context\":\"https:\/\/schema.org\",\"@graph\":[{\"@type\":\"WebPage\",\"@id\":\"https:\/\/www.peoplerise.net\/it\/\",\"url\":\"https:\/\/www.peoplerise.net\/it\/\",\"name\":\"peoplerise - People will always be essential\",\"isPartOf\":{\"@id\":\"https:\/\/www.peoplerise.net\/en\/#website\"},\"datePublished\":\"2021-10-10T20:05:50+00:00\",\"dateModified\":\"2025-11-20T12:21:01+00:00\",\"description\":\"Ti accompagniamo in un percorso per trasformare le tue idee in strategie reali, liberando il massimo potenziale delle persone nella tua azienda.\",\"breadcrumb\":{\"@id\":\"https:\/\/www.peoplerise.net\/it\/#breadcrumb\"},\"inLanguage\":\"it-IT\",\"potentialAction\":[{\"@type\":\"ReadAction\",\"target\":[\"https:\/\/www.peoplerise.net\/it\/\"]}]},{\"@type\":\"BreadcrumbList\",\"@id\":\"https:\/\/www.peoplerise.net\/it\/#breadcrumb\",\"itemListElement\":[{\"@type\":\"ListItem\",\"position\":1,\"name\":\"Home\",\"item\":\"https:\/\/www.peoplerise.net\/it\/\"},{\"@type\":\"ListItem\",\"position\":2,\"name\":\"Homepage\"}]},{\"@type\":\"WebSite\",\"@id\":\"https:\/\/www.peoplerise.net\/en\/#website\",\"url\":\"https:\/\/www.peoplerise.net\/en\/\",\"name\":\"peoplerise\",\"description\":\"People will always be essential\",\"potentialAction\":[{\"@type\":\"SearchAction\",\"target\":{\"@type\":\"EntryPoint\",\"urlTemplate\":\"https:\/\/www.peoplerise.net\/en\/?s={search_term_string}\"},\"query-input\":\"required name=search_term_string\"}],\"inLanguage\":\"it-IT\"}]}<\/script>\n<!-- \/ Yoast SEO Premium plugin. -->","yoast_head_json":{"title":"peoplerise - People will always be essential","description":"Ti accompagniamo in un percorso per trasformare le tue idee in strategie reali, liberando il massimo potenziale delle persone nella tua azienda.","robots":{"index":"index","follow":"follow","max-snippet":"max-snippet:-1","max-image-preview":"max-image-preview:large","max-video-preview":"max-video-preview:-1"},"canonical":"https:\/\/www.peoplerise.net\/it\/","og_locale":"it_IT","og_type":"article","og_title":"Homepage","og_description":"Ti accompagniamo in un percorso per trasformare le tue idee in strategie reali, liberando il massimo potenziale delle persone nella tua azienda.","og_url":"https:\/\/www.peoplerise.net\/it\/","og_site_name":"peoplerise","article_modified_time":"2025-11-20T12:21:01+00:00","og_image":[{"width":1920,"height":1080,"url":"https:\/\/www.peoplerise.net\/wp-content\/uploads\/2021\/10\/leminscata.jpg","type":"image\/jpeg"}],"twitter_card":"summary_large_image","twitter_misc":{"Tempo di lettura stimato":"1 minuto"},"schema":{"@context":"https:\/\/schema.org","@graph":[{"@type":"WebPage","@id":"https:\/\/www.peoplerise.net\/it\/","url":"https:\/\/www.peoplerise.net\/it\/","name":"peoplerise - People will always be essential","isPartOf":{"@id":"https:\/\/www.peoplerise.net\/en\/#website"},"datePublished":"2021-10-10T20:05:50+00:00","dateModified":"2025-11-20T12:21:01+00:00","description":"Ti accompagniamo in un percorso per trasformare le tue idee in strategie reali, liberando il massimo potenziale delle persone nella tua azienda.","breadcrumb":{"@id":"https:\/\/www.peoplerise.net\/it\/#breadcrumb"},"inLanguage":"it-IT","potentialAction":[{"@type":"ReadAction","target":["https:\/\/www.peoplerise.net\/it\/"]}]},{"@type":"BreadcrumbList","@id":"https:\/\/www.peoplerise.net\/it\/#breadcrumb","itemListElement":[{"@type":"ListItem","position":1,"name":"Home","item":"https:\/\/www.peoplerise.net\/it\/"},{"@type":"ListItem","position":2,"name":"Homepage"}]},{"@type":"WebSite","@id":"https:\/\/www.peoplerise.net\/en\/#website","url":"https:\/\/www.peoplerise.net\/en\/","name":"peoplerise","description":"People will always be essential","potentialAction":[{"@type":"SearchAction","target":{"@type":"EntryPoint","urlTemplate":"https:\/\/www.peoplerise.net\/en\/?s={search_term_string}"},"query-input":"required name=search_term_string"}],"inLanguage":"it-IT"}]}},"_links":{"self":[{"href":"https:\/\/www.peoplerise.net\/it\/wp-json\/wp\/v2\/pages\/22703"}],"collection":[{"href":"https:\/\/www.peoplerise.net\/it\/wp-json\/wp\/v2\/pages"}],"about":[{"href":"https:\/\/www.peoplerise.net\/it\/wp-json\/wp\/v2\/types\/page"}],"author":[{"embeddable":true,"href":"https:\/\/www.peoplerise.net\/it\/wp-json\/wp\/v2\/users\/3337"}],"replies":[{"embeddable":true,"href":"https:\/\/www.peoplerise.net\/it\/wp-json\/wp\/v2\/comments?post=22703"}],"version-history":[{"count":4,"href":"https:\/\/www.peoplerise.net\/it\/wp-json\/wp\/v2\/pages\/22703\/revisions"}],"predecessor-version":[{"id":47993,"href":"https:\/\/www.peoplerise.net\/it\/wp-json\/wp\/v2\/pages\/22703\/revisions\/47993"}],"wp:featuredmedia":[{"embeddable":true,"href":"https:\/\/www.peoplerise.net\/it\/wp-json\/wp\/v2\/media\/22835"}],"wp:attachment":[{"href":"https:\/\/www.peoplerise.net\/it\/wp-json\/wp\/v2\/media?parent=22703"}],"curies":[{"name":"wp","href":"https:\/\/api.w.org\/{rel}","templated":true}]}}